{"id":941,"date":"2023-04-11T03:37:23","date_gmt":"2023-04-11T03:37:23","guid":{"rendered":"http:\/\/electrik.peacefulqode.com\/?page_id=941"},"modified":"2023-06-08T20:39:21","modified_gmt":"2023-06-08T20:39:21","slug":"electricity-home","status":"publish","type":"page","link":"https:\/\/hningenieros.com\/","title":{"rendered":"Inicio"},"content":{"rendered":"\t\t<div data-elementor-type=\"wp-page\" data-elementor-id=\"941\" class=\"elementor elementor-941\">\n\t\t\t\t\t\t<div class=\"elementor-section elementor-top-section elementor-element elementor-element-0c6b4ab elementor-section-full_width elementor-section-stretched elementor-section-height-default elementor-section-height-default\" data-id=\"0c6b4ab\" data-element_type=\"section\" data-e-type=\"section\" data-settings=\"{&quot;stretch_section&quot;:&quot;section-stretched&quot;}\">\n\t\t\t\t\t\t<div class=\"elementor-container elementor-column-gap-default\">\n\t\t\t\t\t<div class=\"elementor-column elementor-col-100 elementor-top-column elementor-element elementor-element-5e8904c\" data-id=\"5e8904c\" data-element_type=\"column\" data-e-type=\"column\">\n\t\t\t<div class=\"elementor-widget-wrap elementor-element-populated\">\n\t\t\t\t\t\t<div class=\"elementor-section elementor-inner-section elementor-element elementor-element-2bf542f elementor-section-full_width elementor-section-height-default elementor-section-height-default\" data-id=\"2bf542f\" data-element_type=\"section\" data-e-type=\"section\">\n\t\t\t\t\t\t<div class=\"elementor-container elementor-column-gap-default\">\n\t\t\t\t\t<div class=\"elementor-column elementor-col-100 elementor-inner-column elementor-element elementor-element-3dcd9c9\" data-id=\"3dcd9c9\" data-element_type=\"column\" data-e-type=\"column\" data-settings=\"{&quot;background_background&quot;:&quot;classic&quot;}\">\n\t\t\t<div class=\"elementor-widget-wrap elementor-element-populated\">\n\t\t\t\t\t\t<div class=\"elementor-element elementor-element-9391f68 elementor-widget elementor-widget-slider_revolution\" data-id=\"9391f68\" data-element_type=\"widget\" data-e-type=\"widget\" data-widget_type=\"slider_revolution.default\">\n\t\t\t\t\t\r\n\t\t<div class=\"wp-block-themepunch-revslider\">\n\t\t\t<!-- START home 3 REVOLUTION SLIDER 6.6.12 --><p class=\"rs-p-wp-fix\"><\/p>\n\t\t\t<rs-module-wrap id=\"rev_slider_3_1_wrapper\" data-source=\"gallery\" style=\"visibility:hidden;background:transparent;padding:0;margin:0px auto;margin-top:0;margin-bottom:0;\">\n\t\t\t\t<rs-module id=\"rev_slider_3_1\" style=\"\" data-version=\"6.6.12\">\n\t\t\t\t\t<rs-slides style=\"overflow: hidden; position: absolute;\">\n\t\t\t\t\t\t<rs-slide style=\"position: absolute;\" data-key=\"rs-7\" data-title=\"Slide\" data-anim=\"adpr:false;ms:300;\" data-in=\"o:0;\" data-out=\"a:false;\">\n\t\t\t\t\t\t\t<img fetchpriority=\"high\" decoding=\"async\" src=\"\/\/hningenieros.com\/wp-content\/plugins\/revslider\/public\/assets\/assets\/dummy.png\" alt=\"\" title=\"HNOFI2\" width=\"3501\" height=\"2086\" class=\"rev-slidebg tp-rs-img rs-lazyload\" data-lazyload=\"\/\/hningenieros.com\/wp-content\/uploads\/2023\/06\/HNOFI2.png\" data-no-retina>\n<!--\n\t\t\t\t\t\t\t--><rs-layer\n\t\t\t\t\t\t\t\tid=\"slider-3-slide-7-layer-0\" \n\t\t\t\t\t\t\t\tdata-type=\"text\"\n\t\t\t\t\t\t\t\tdata-color=\"#05006b\"\n\t\t\t\t\t\t\t\tdata-rsp_ch=\"on\"\n\t\t\t\t\t\t\t\tdata-xy=\"x:l,l,l,c;xo:-21px,55px,25px,-104px;y:m;yo:-250px,-361px,-185px,-202px;\"\n\t\t\t\t\t\t\t\tdata-text=\"w:normal;s:32,26,20,27;l:64,45,33,42;ls:2,4,1px,2px;fw:500,500,500,700;\"\n\t\t\t\t\t\t\t\tdata-padding=\"t:11,0,0,0;r:41,0,0,0;b:11,0,0,0;l:41,0,0,0;\"\n\t\t\t\t\t\t\t\tdata-frame_0=\"y:101px,149px,86px,71px;\"\n\t\t\t\t\t\t\t\tdata-frame_1=\"x:-18px,-26px,-14px,-11px;y:100px,147px,84px,69px;st:300;sp:1000;sR:300;\"\n\t\t\t\t\t\t\t\tdata-frame_999=\"y:101px,149px,86px,71px;o:0;e:none;st:w;sp:1000;sR:7700;\"\n\t\t\t\t\t\t\t\tstyle=\"z-index:9;font-family:'Lexend Deca';text-transform:uppercase;\"\n\t\t\t\t\t\t\t>Bienvenidos \n\t\t\t\t\t\t\t<\/rs-layer><!--\n\n\t\t\t\t\t\t\t--><rs-layer\n\t\t\t\t\t\t\t\tid=\"slider-3-slide-7-layer-1\" \n\t\t\t\t\t\t\t\tdata-type=\"text\"\n\t\t\t\t\t\t\t\tdata-color=\"#0c0c0c\"\n\t\t\t\t\t\t\t\tdata-rsp_ch=\"on\"\n\t\t\t\t\t\t\t\tdata-xy=\"x:c;xo:-334px,-236px,-191px,-55px;y:m;yo:-28px,-107px,-25px,-55px;\"\n\t\t\t\t\t\t\t\tdata-text=\"w:normal;s:64,50,37,33;l:72,56,42,38;ls:-1,0,0,0;fw:500;\"\n\t\t\t\t\t\t\t\tdata-dim=\"w:637,501,380,353;minh:0,none,none,none;\"\n\t\t\t\t\t\t\t\tdata-frame_0=\"y:52px,40px,30px,27px;\"\n\t\t\t\t\t\t\t\tdata-frame_1=\"st:500;sp:1000;sR:500;\"\n\t\t\t\t\t\t\t\tdata-frame_999=\"y:52px,40px,30px,27px;o:0;e:none;st:w;sp:1000;sR:7500;\"\n\t\t\t\t\t\t\t\tstyle=\"z-index:8;font-family:'Lexend Deca';text-transform:uppercase;\"\n\t\t\t\t\t\t\t>H&N INGENIEROS CONSULTORES Y ASESORES S.A.C. \n\t\t\t\t\t\t\t<\/rs-layer><!--\n\n\t\t\t\t\t\t\t--><rs-layer\n\t\t\t\t\t\t\t\tid=\"slider-3-slide-7-layer-6\" \n\t\t\t\t\t\t\t\tdata-type=\"text\"\n\t\t\t\t\t\t\t\tdata-color=\"#616161||#616161||#616161||#000000\"\n\t\t\t\t\t\t\t\tdata-rsp_ch=\"on\"\n\t\t\t\t\t\t\t\tdata-xy=\"xo:3px,26px,11px,10px;y:m;yo:185px,67px,101px,90px;\"\n\t\t\t\t\t\t\t\tdata-text=\"w:normal;s:18,16,12,10;l:28,25,18,16;\"\n\t\t\t\t\t\t\t\tdata-dim=\"w:579px,500px,379px,330px;h:201px,auto,auto,157px;\"\n\t\t\t\t\t\t\t\tdata-frame_0=\"x:0,0px,0px,0px;y:50,44px,33px,48px;\"\n\t\t\t\t\t\t\t\tdata-frame_1=\"x:0,0px,0px,0px;y:0,0px,0px,0px;st:700;sp:1000;sR:700;\"\n\t\t\t\t\t\t\t\tdata-frame_999=\"y:50,44px,33px,48px;o:0;e:none;st:w;sp:1000;sR:7300;\"\n\t\t\t\t\t\t\t\tstyle=\"z-index:7;font-family:'DM Sans';\"\n\t\t\t\t\t\t\t>Somos una empresa peruana de consultor\u00eda en ingenier\u00eda creada el a\u00f1o 2012.<br \/>\nBrindamos consultor\u00edas en los t\u00f3picos de <b>geotecnia, geomec\u00e1nica, geodesia,  ejecuci\u00f3n y supervisi\u00f3n en obras de ingenier\u00eda. <\/b> \n\t\t\t\t\t\t\t<\/rs-layer><!--\n-->\t\t\t\t\t\t<\/rs-slide>\n\t\t\t\t\t<\/rs-slides>\n\t\t\t\t<\/rs-module>\n\t\t\t\t<script>\n\t\t\t\t\tsetREVStartSize({c: 'rev_slider_3_1',rl:[1240,1024,778,480],el:[900,768,550,500],gw:[1300,1024,778,480],gh:[900,768,550,500],type:'standard',justify:'',layout:'fullwidth',mh:\"0\"});if (window.RS_MODULES!==undefined && window.RS_MODULES.modules!==undefined && window.RS_MODULES.modules[\"revslider31\"]!==undefined) {window.RS_MODULES.modules[\"revslider31\"].once = false;window.revapi3 = undefined;if (window.RS_MODULES.checkMinimal!==undefined) window.RS_MODULES.checkMinimal()}\n\t\t\t\t<\/script>\n\t\t\t<\/rs-module-wrap>\n\t\t\t<!-- END REVOLUTION SLIDER -->\n<\/div>\r\n\r\n\t\t\t\t\t\t<\/div>\n\t\t\t\t\t<\/div>\n\t\t<\/div>\n\t\t\t\t\t<\/div>\n\t\t<\/div>\n\t\t\t\t\t<\/div>\n\t\t<\/div>\n\t\t\t\t\t<\/div>\n\t\t<\/div>\n\t\t\t\t<div class=\"elementor-section elementor-top-section elementor-element elementor-element-fd70f08 elementor-section-stretched elementor-section-boxed elementor-section-height-default elementor-section-height-default\" data-id=\"fd70f08\" data-element_type=\"section\" data-e-type=\"section\" data-settings=\"{&quot;stretch_section&quot;:&quot;section-stretched&quot;}\">\n\t\t\t\t\t\t<div class=\"elementor-container elementor-column-gap-default\">\n\t\t\t\t\t<div class=\"elementor-column elementor-col-100 elementor-top-column elementor-element elementor-element-6d33711\" data-id=\"6d33711\" data-element_type=\"column\" data-e-type=\"column\">\n\t\t\t<div class=\"elementor-widget-wrap elementor-element-populated\">\n\t\t\t\t<div class=\"elementor-element elementor-element-8045a0e e-flex e-con-boxed e-con e-parent\" data-id=\"8045a0e\" data-element_type=\"container\" data-e-type=\"container\">\n\t\t\t\t\t<div class=\"e-con-inner\">\n\t\t\t\t<div class=\"elementor-element elementor-element-f95ca70 elementor-widget elementor-widget-icon-box\" data-id=\"f95ca70\" data-element_type=\"widget\" data-e-type=\"widget\" data-widget_type=\"icon-box.default\">\n\t\t\t\t\t\t\t<div class=\"elementor-icon-box-wrapper\">\n\n\t\t\t\n\t\t\t\t\t\t<div class=\"elementor-icon-box-content\">\n\n\t\t\t\t\t\t\t\t\t<h4 class=\"elementor-icon-box-title\">\n\t\t\t\t\t\t<span  >\n\t\t\t\t\t\t\tNuestros Clientes\t\t\t\t\t\t<\/span>\n\t\t\t\t\t<\/h4>\n\t\t\t\t\n\t\t\t\t\n\t\t\t<\/div>\n\t\t\t\n\t\t<\/div>\n\t\t\t\t\t\t<\/div>\n\t\t\t\t\t<\/div>\n\t\t\t\t<\/div>\n\t\t\t\t<div class=\"elementor-element elementor-element-76f5299 elementor-widget__width-initial elementor-widget-divider--view-line elementor-widget elementor-widget-divider\" data-id=\"76f5299\" data-element_type=\"widget\" data-e-type=\"widget\" data-widget_type=\"divider.default\">\n\t\t\t\t\t\t\t<div class=\"elementor-divider\">\n\t\t\t<span class=\"elementor-divider-separator\">\n\t\t\t\t\t\t<\/span>\n\t\t<\/div>\n\t\t\t\t\t\t<\/div>\n\t\t<div class=\"elementor-element elementor-element-99a9c67 e-flex e-con-boxed e-con e-parent\" data-id=\"99a9c67\" data-element_type=\"container\" data-e-type=\"container\">\n\t\t\t\t\t<div class=\"e-con-inner\">\n\t\t\t\t<div class=\"elementor-element elementor-element-9b2a711 elementor-widget__width-initial elementor-widget elementor-widget-image\" data-id=\"9b2a711\" data-element_type=\"widget\" data-e-type=\"widget\" data-widget_type=\"image.default\">\n\t\t\t\t\t\t\t\t\t\t\t\t\t\t\t<img decoding=\"async\" width=\"300\" height=\"288\" src=\"https:\/\/hningenieros.com\/wp-content\/uploads\/2023\/06\/logo-geomec-geomecanica-latina-header-1-300x288.png\" class=\"attachment-medium size-medium wp-image-7001\" alt=\"\" srcset=\"https:\/\/hningenieros.com\/wp-content\/uploads\/2023\/06\/logo-geomec-geomecanica-latina-header-1-300x288.png 300w, https:\/\/hningenieros.com\/wp-content\/uploads\/2023\/06\/logo-geomec-geomecanica-latina-header-1-600x576.png 600w, https:\/\/hningenieros.com\/wp-content\/uploads\/2023\/06\/logo-geomec-geomecanica-latina-header-1.png 740w\" sizes=\"(max-width: 300px) 100vw, 300px\" \/>\t\t\t\t\t\t\t\t\t\t\t\t\t\t\t<\/div>\n\t\t\t\t<div class=\"elementor-element elementor-element-ec16ff7 elementor-widget__width-initial elementor-widget elementor-widget-image\" data-id=\"ec16ff7\" data-element_type=\"widget\" data-e-type=\"widget\" data-widget_type=\"image.default\">\n\t\t\t\t\t\t\t\t\t\t\t\t\t\t\t<img decoding=\"async\" width=\"300\" height=\"288\" src=\"https:\/\/hningenieros.com\/wp-content\/uploads\/2023\/06\/lincuna2-300x288.png\" class=\"attachment-medium size-medium wp-image-6997\" alt=\"\" srcset=\"https:\/\/hningenieros.com\/wp-content\/uploads\/2023\/06\/lincuna2-300x288.png 300w, https:\/\/hningenieros.com\/wp-content\/uploads\/2023\/06\/lincuna2-600x576.png 600w, https:\/\/hningenieros.com\/wp-content\/uploads\/2023\/06\/lincuna2.png 740w\" sizes=\"(max-width: 300px) 100vw, 300px\" \/>\t\t\t\t\t\t\t\t\t\t\t\t\t\t\t<\/div>\n\t\t\t\t<div class=\"elementor-element elementor-element-32ee3a8 elementor-widget__width-initial elementor-widget elementor-widget-image\" data-id=\"32ee3a8\" data-element_type=\"widget\" data-e-type=\"widget\" data-widget_type=\"image.default\">\n\t\t\t\t\t\t\t\t\t\t\t\t\t\t\t<img loading=\"lazy\" decoding=\"async\" width=\"300\" height=\"300\" src=\"https:\/\/hningenieros.com\/wp-content\/uploads\/2023\/06\/comarsa-300x300.png\" class=\"attachment-medium size-medium wp-image-6998\" alt=\"\" srcset=\"https:\/\/hningenieros.com\/wp-content\/uploads\/2023\/06\/comarsa-300x300.png 300w, https:\/\/hningenieros.com\/wp-content\/uploads\/2023\/06\/comarsa-150x150.png 150w, https:\/\/hningenieros.com\/wp-content\/uploads\/2023\/06\/comarsa-600x600.png 600w, https:\/\/hningenieros.com\/wp-content\/uploads\/2023\/06\/comarsa-100x100.png 100w, https:\/\/hningenieros.com\/wp-content\/uploads\/2023\/06\/comarsa.png 710w\" sizes=\"(max-width: 300px) 100vw, 300px\" \/>\t\t\t\t\t\t\t\t\t\t\t\t\t\t\t<\/div>\n\t\t\t\t<div class=\"elementor-element elementor-element-9dfacf2 elementor-widget__width-initial elementor-widget elementor-widget-image\" data-id=\"9dfacf2\" data-element_type=\"widget\" data-e-type=\"widget\" data-widget_type=\"image.default\">\n\t\t\t\t\t\t\t\t\t\t\t\t\t\t\t<img loading=\"lazy\" decoding=\"async\" width=\"300\" height=\"288\" src=\"https:\/\/hningenieros.com\/wp-content\/uploads\/2023\/06\/brexia-300x288.png\" class=\"attachment-medium size-medium wp-image-6999\" alt=\"\" srcset=\"https:\/\/hningenieros.com\/wp-content\/uploads\/2023\/06\/brexia-300x288.png 300w, https:\/\/hningenieros.com\/wp-content\/uploads\/2023\/06\/brexia-600x576.png 600w, https:\/\/hningenieros.com\/wp-content\/uploads\/2023\/06\/brexia.png 740w\" sizes=\"(max-width: 300px) 100vw, 300px\" \/>\t\t\t\t\t\t\t\t\t\t\t\t\t\t\t<\/div>\n\t\t\t\t<div class=\"elementor-element elementor-element-d41c544 elementor-widget__width-initial elementor-widget elementor-widget-image\" data-id=\"d41c544\" data-element_type=\"widget\" data-e-type=\"widget\" data-widget_type=\"image.default\">\n\t\t\t\t\t\t\t\t\t\t\t\t\t\t\t<img loading=\"lazy\" decoding=\"async\" width=\"300\" height=\"288\" src=\"https:\/\/hningenieros.com\/wp-content\/uploads\/2023\/06\/BMI-300x288.png\" class=\"attachment-medium size-medium wp-image-7000\" alt=\"\" srcset=\"https:\/\/hningenieros.com\/wp-content\/uploads\/2023\/06\/BMI-300x288.png 300w, https:\/\/hningenieros.com\/wp-content\/uploads\/2023\/06\/BMI-600x576.png 600w, https:\/\/hningenieros.com\/wp-content\/uploads\/2023\/06\/BMI.png 740w\" sizes=\"(max-width: 300px) 100vw, 300px\" \/>\t\t\t\t\t\t\t\t\t\t\t\t\t\t\t<\/div>\n\t\t\t\t\t<\/div>\n\t\t\t\t<\/div>\n\t\t<div class=\"elementor-element elementor-element-2e362d4 e-flex e-con-boxed e-con e-parent\" data-id=\"2e362d4\" data-element_type=\"container\" data-e-type=\"container\">\n\t\t\t\t\t<div class=\"e-con-inner\">\n\t\t\t\t<div class=\"elementor-element elementor-element-25f135b elementor-widget__width-initial elementor-widget elementor-widget-image\" data-id=\"25f135b\" data-element_type=\"widget\" data-e-type=\"widget\" data-widget_type=\"image.default\">\n\t\t\t\t\t\t\t\t\t\t\t\t\t\t\t<img loading=\"lazy\" decoding=\"async\" width=\"300\" height=\"288\" src=\"https:\/\/hningenieros.com\/wp-content\/uploads\/2023\/06\/BROCAL-300x288.png\" class=\"attachment-medium size-medium wp-image-7002\" alt=\"\" srcset=\"https:\/\/hningenieros.com\/wp-content\/uploads\/2023\/06\/BROCAL-300x288.png 300w, https:\/\/hningenieros.com\/wp-content\/uploads\/2023\/06\/BROCAL-600x576.png 600w, https:\/\/hningenieros.com\/wp-content\/uploads\/2023\/06\/BROCAL.png 740w\" sizes=\"(max-width: 300px) 100vw, 300px\" \/>\t\t\t\t\t\t\t\t\t\t\t\t\t\t\t<\/div>\n\t\t\t\t<div class=\"elementor-element elementor-element-ed7e29c elementor-widget__width-initial elementor-widget elementor-widget-image\" data-id=\"ed7e29c\" data-element_type=\"widget\" data-e-type=\"widget\" data-widget_type=\"image.default\">\n\t\t\t\t\t\t\t\t\t\t\t\t\t\t\t<img loading=\"lazy\" decoding=\"async\" width=\"300\" height=\"288\" src=\"https:\/\/hningenieros.com\/wp-content\/uploads\/2023\/06\/HUANCAPETI-300x288.png\" class=\"attachment-medium size-medium wp-image-7003\" alt=\"\" srcset=\"https:\/\/hningenieros.com\/wp-content\/uploads\/2023\/06\/HUANCAPETI-300x288.png 300w, https:\/\/hningenieros.com\/wp-content\/uploads\/2023\/06\/HUANCAPETI-600x576.png 600w, https:\/\/hningenieros.com\/wp-content\/uploads\/2023\/06\/HUANCAPETI.png 740w\" sizes=\"(max-width: 300px) 100vw, 300px\" \/>\t\t\t\t\t\t\t\t\t\t\t\t\t\t\t<\/div>\n\t\t\t\t<div class=\"elementor-element elementor-element-285f3bc elementor-widget__width-initial elementor-widget elementor-widget-image\" data-id=\"285f3bc\" data-element_type=\"widget\" data-e-type=\"widget\" data-widget_type=\"image.default\">\n\t\t\t\t\t\t\t\t\t\t\t\t\t\t\t<img loading=\"lazy\" decoding=\"async\" width=\"300\" height=\"300\" src=\"https:\/\/hningenieros.com\/wp-content\/uploads\/2023\/06\/ACAGREGADOS-300x300.png\" class=\"attachment-medium size-medium wp-image-7004\" alt=\"\" srcset=\"https:\/\/hningenieros.com\/wp-content\/uploads\/2023\/06\/ACAGREGADOS-300x300.png 300w, https:\/\/hningenieros.com\/wp-content\/uploads\/2023\/06\/ACAGREGADOS-150x150.png 150w, https:\/\/hningenieros.com\/wp-content\/uploads\/2023\/06\/ACAGREGADOS-600x600.png 600w, https:\/\/hningenieros.com\/wp-content\/uploads\/2023\/06\/ACAGREGADOS-100x100.png 100w, https:\/\/hningenieros.com\/wp-content\/uploads\/2023\/06\/ACAGREGADOS.png 710w\" sizes=\"(max-width: 300px) 100vw, 300px\" \/>\t\t\t\t\t\t\t\t\t\t\t\t\t\t\t<\/div>\n\t\t\t\t<div class=\"elementor-element elementor-element-51b8069 elementor-widget__width-initial elementor-widget elementor-widget-image\" data-id=\"51b8069\" data-element_type=\"widget\" data-e-type=\"widget\" data-widget_type=\"image.default\">\n\t\t\t\t\t\t\t\t\t\t\t\t\t\t\t<img loading=\"lazy\" decoding=\"async\" width=\"300\" height=\"288\" src=\"https:\/\/hningenieros.com\/wp-content\/uploads\/2023\/06\/acmixer-300x288.png\" class=\"attachment-medium size-medium wp-image-7005\" alt=\"\" srcset=\"https:\/\/hningenieros.com\/wp-content\/uploads\/2023\/06\/acmixer-300x288.png 300w, https:\/\/hningenieros.com\/wp-content\/uploads\/2023\/06\/acmixer-600x576.png 600w, https:\/\/hningenieros.com\/wp-content\/uploads\/2023\/06\/acmixer.png 740w\" sizes=\"(max-width: 300px) 100vw, 300px\" \/>\t\t\t\t\t\t\t\t\t\t\t\t\t\t\t<\/div>\n\t\t\t\t\t<\/div>\n\t\t\t\t<\/div>\n\t\t\t\t<div class=\"elementor-element elementor-element-319d45a elementor-widget__width-initial elementor-widget-divider--view-line elementor-widget elementor-widget-divider\" data-id=\"319d45a\" data-element_type=\"widget\" data-e-type=\"widget\" data-widget_type=\"divider.default\">\n\t\t\t\t\t\t\t<div class=\"elementor-divider\">\n\t\t\t<span class=\"elementor-divider-separator\">\n\t\t\t\t\t\t<\/span>\n\t\t<\/div>\n\t\t\t\t\t\t<\/div>\n\t\t\t\t\t<\/div>\n\t\t<\/div>\n\t\t\t\t\t<\/div>\n\t\t<\/div>\n\t\t\t\t<div class=\"elementor-section elementor-top-section elementor-element elementor-element-8f222ae elementor-section-full_width elementor-section-stretched elementor-section-height-default elementor-section-height-default\" data-id=\"8f222ae\" data-element_type=\"section\" data-e-type=\"section\" data-settings=\"{&quot;stretch_section&quot;:&quot;section-stretched&quot;,&quot;background_background&quot;:&quot;classic&quot;}\">\n\t\t\t\t\t\t\t<div class=\"elementor-background-overlay\"><\/div>\n\t\t\t\t\t\t\t<div class=\"elementor-container elementor-column-gap-default\">\n\t\t\t\t\t<div class=\"elementor-column elementor-col-100 elementor-top-column elementor-element elementor-element-a78a7f0\" data-id=\"a78a7f0\" data-element_type=\"column\" data-e-type=\"column\">\n\t\t\t<div class=\"elementor-widget-wrap elementor-element-populated\">\n\t\t\t\t\t\t<div class=\"elementor-element elementor-element-28b9e62 elementor-widget elementor-widget-icon-box\" data-id=\"28b9e62\" data-element_type=\"widget\" data-e-type=\"widget\" data-widget_type=\"icon-box.default\">\n\t\t\t\t\t\t\t<div class=\"elementor-icon-box-wrapper\">\n\n\t\t\t\n\t\t\t\t\t\t<div class=\"elementor-icon-box-content\">\n\n\t\t\t\t\t\t\t\t\t<span class=\"elementor-icon-box-title\">\n\t\t\t\t\t\t<span  >\n\t\t\t\t\t\t\tLaboratorios Certificados\t\t\t\t\t\t<\/span>\n\t\t\t\t\t<\/span>\n\t\t\t\t\n\t\t\t\t\t\t\t\t\t<p class=\"elementor-icon-box-description\">\n\t\t\t\t\t\t<b>Trabajamos con laboratorios especializados. <\/b> <\/br>Garantizando la calidad de nuestro servicio.\t\t\t\t\t<\/p>\n\t\t\t\t\n\t\t\t<\/div>\n\t\t\t\n\t\t<\/div>\n\t\t\t\t\t\t<\/div>\n\t\t<div class=\"elementor-element elementor-element-24a8b75 e-flex e-con-boxed e-con e-parent\" data-id=\"24a8b75\" data-element_type=\"container\" data-e-type=\"container\">\n\t\t\t\t\t<div class=\"e-con-inner\">\n\t\t\t\t<div class=\"elementor-element elementor-element-46e60ad elementor-widget__width-initial elementor-widget elementor-widget-image\" data-id=\"46e60ad\" data-element_type=\"widget\" data-e-type=\"widget\" data-widget_type=\"image.default\">\n\t\t\t\t\t\t\t\t\t\t\t\t\t\t\t<img loading=\"lazy\" decoding=\"async\" width=\"300\" height=\"288\" src=\"https:\/\/hningenieros.com\/wp-content\/uploads\/2023\/06\/EYP-300x288.png\" class=\"attachment-medium size-medium wp-image-7021\" alt=\"\" srcset=\"https:\/\/hningenieros.com\/wp-content\/uploads\/2023\/06\/EYP-300x288.png 300w, https:\/\/hningenieros.com\/wp-content\/uploads\/2023\/06\/EYP-600x576.png 600w, https:\/\/hningenieros.com\/wp-content\/uploads\/2023\/06\/EYP.png 740w\" sizes=\"(max-width: 300px) 100vw, 300px\" \/>\t\t\t\t\t\t\t\t\t\t\t\t\t\t\t<\/div>\n\t\t\t\t<div class=\"elementor-element elementor-element-52ca546 elementor-widget__width-initial elementor-widget elementor-widget-image\" data-id=\"52ca546\" data-element_type=\"widget\" data-e-type=\"widget\" data-widget_type=\"image.default\">\n\t\t\t\t\t\t\t\t\t\t\t\t\t\t\t<img loading=\"lazy\" decoding=\"async\" width=\"300\" height=\"288\" src=\"https:\/\/hningenieros.com\/wp-content\/uploads\/2023\/06\/AGQ-300x288.png\" class=\"attachment-medium size-medium wp-image-7020\" alt=\"\" srcset=\"https:\/\/hningenieros.com\/wp-content\/uploads\/2023\/06\/AGQ-300x288.png 300w, https:\/\/hningenieros.com\/wp-content\/uploads\/2023\/06\/AGQ-600x576.png 600w, https:\/\/hningenieros.com\/wp-content\/uploads\/2023\/06\/AGQ.png 740w\" sizes=\"(max-width: 300px) 100vw, 300px\" \/>\t\t\t\t\t\t\t\t\t\t\t\t\t\t\t<\/div>\n\t\t\t\t<div class=\"elementor-element elementor-element-1818821 elementor-widget__width-initial elementor-widget elementor-widget-image\" data-id=\"1818821\" data-element_type=\"widget\" data-e-type=\"widget\" data-widget_type=\"image.default\">\n\t\t\t\t\t\t\t\t\t\t\t\t\t\t\t<img loading=\"lazy\" decoding=\"async\" width=\"300\" height=\"300\" src=\"https:\/\/hningenieros.com\/wp-content\/uploads\/2023\/06\/LEICA-300x300.png\" class=\"attachment-medium size-medium wp-image-7060\" alt=\"\" srcset=\"https:\/\/hningenieros.com\/wp-content\/uploads\/2023\/06\/LEICA-300x300.png 300w, https:\/\/hningenieros.com\/wp-content\/uploads\/2023\/06\/LEICA-150x150.png 150w, https:\/\/hningenieros.com\/wp-content\/uploads\/2023\/06\/LEICA-600x600.png 600w, https:\/\/hningenieros.com\/wp-content\/uploads\/2023\/06\/LEICA-100x100.png 100w, https:\/\/hningenieros.com\/wp-content\/uploads\/2023\/06\/LEICA.png 710w\" sizes=\"(max-width: 300px) 100vw, 300px\" \/>\t\t\t\t\t\t\t\t\t\t\t\t\t\t\t<\/div>\n\t\t\t\t<div class=\"elementor-element elementor-element-18eee8a elementor-widget__width-initial elementor-widget elementor-widget-image\" data-id=\"18eee8a\" data-element_type=\"widget\" data-e-type=\"widget\" data-widget_type=\"image.default\">\n\t\t\t\t\t\t\t\t\t\t\t\t\t\t\t<img loading=\"lazy\" decoding=\"async\" width=\"300\" height=\"288\" src=\"https:\/\/hningenieros.com\/wp-content\/uploads\/2023\/06\/ALS-300x288.png\" class=\"attachment-medium size-medium wp-image-7018\" alt=\"\" srcset=\"https:\/\/hningenieros.com\/wp-content\/uploads\/2023\/06\/ALS-300x288.png 300w, https:\/\/hningenieros.com\/wp-content\/uploads\/2023\/06\/ALS-600x576.png 600w, https:\/\/hningenieros.com\/wp-content\/uploads\/2023\/06\/ALS.png 740w\" sizes=\"(max-width: 300px) 100vw, 300px\" \/>\t\t\t\t\t\t\t\t\t\t\t\t\t\t\t<\/div>\n\t\t\t\t<div class=\"elementor-element elementor-element-46ceca8 elementor-widget__width-initial elementor-widget elementor-widget-image\" data-id=\"46ceca8\" data-element_type=\"widget\" data-e-type=\"widget\" data-widget_type=\"image.default\">\n\t\t\t\t\t\t\t\t\t\t\t\t\t\t\t<img loading=\"lazy\" decoding=\"async\" width=\"300\" height=\"288\" src=\"https:\/\/hningenieros.com\/wp-content\/uploads\/2023\/06\/PUCP-300x288.png\" class=\"attachment-medium size-medium wp-image-7017\" alt=\"\" srcset=\"https:\/\/hningenieros.com\/wp-content\/uploads\/2023\/06\/PUCP-300x288.png 300w, https:\/\/hningenieros.com\/wp-content\/uploads\/2023\/06\/PUCP-600x576.png 600w, https:\/\/hningenieros.com\/wp-content\/uploads\/2023\/06\/PUCP.png 740w\" sizes=\"(max-width: 300px) 100vw, 300px\" \/>\t\t\t\t\t\t\t\t\t\t\t\t\t\t\t<\/div>\n\t\t\t\t<div class=\"elementor-element elementor-element-2654be1 elementor-widget__width-initial elementor-widget elementor-widget-image\" data-id=\"2654be1\" data-element_type=\"widget\" data-e-type=\"widget\" data-widget_type=\"image.default\">\n\t\t\t\t\t\t\t\t\t\t\t\t\t\t\t<img loading=\"lazy\" decoding=\"async\" width=\"300\" height=\"288\" src=\"https:\/\/hningenieros.com\/wp-content\/uploads\/2023\/06\/PLENGUE-300x288.png\" class=\"attachment-medium size-medium wp-image-7016\" alt=\"\" srcset=\"https:\/\/hningenieros.com\/wp-content\/uploads\/2023\/06\/PLENGUE-300x288.png 300w, https:\/\/hningenieros.com\/wp-content\/uploads\/2023\/06\/PLENGUE-600x576.png 600w, https:\/\/hningenieros.com\/wp-content\/uploads\/2023\/06\/PLENGUE.png 740w\" sizes=\"(max-width: 300px) 100vw, 300px\" \/>\t\t\t\t\t\t\t\t\t\t\t\t\t\t\t<\/div>\n\t\t\t\t<div class=\"elementor-element elementor-element-706d876 elementor-widget__width-initial elementor-widget elementor-widget-image\" data-id=\"706d876\" data-element_type=\"widget\" data-e-type=\"widget\" data-widget_type=\"image.default\">\n\t\t\t\t\t\t\t\t\t\t\t\t\t\t\t<img loading=\"lazy\" decoding=\"async\" width=\"300\" height=\"300\" src=\"https:\/\/hningenieros.com\/wp-content\/uploads\/2023\/06\/trimble-300x300.png\" class=\"attachment-medium size-medium wp-image-7061\" alt=\"\" srcset=\"https:\/\/hningenieros.com\/wp-content\/uploads\/2023\/06\/trimble-300x300.png 300w, https:\/\/hningenieros.com\/wp-content\/uploads\/2023\/06\/trimble-150x150.png 150w, https:\/\/hningenieros.com\/wp-content\/uploads\/2023\/06\/trimble-600x600.png 600w, https:\/\/hningenieros.com\/wp-content\/uploads\/2023\/06\/trimble-100x100.png 100w, https:\/\/hningenieros.com\/wp-content\/uploads\/2023\/06\/trimble.png 710w\" sizes=\"(max-width: 300px) 100vw, 300px\" \/>\t\t\t\t\t\t\t\t\t\t\t\t\t\t\t<\/div>\n\t\t\t\t\t<\/div>\n\t\t\t\t<\/div>\n\t\t\t\t\t<\/div>\n\t\t<\/div>\n\t\t\t\t\t<\/div>\n\t\t<\/div>\n\t\t\t\t<\/div>\n\t\t","protected":false},"excerpt":{"rendered":"<p>Nuestros Clientes Laboratorios Certificados Trabajamos con laboratorios especializados. Garantizando la calidad de nuestro servicio.<\/p>\n","protected":false},"author":1,"featured_media":0,"parent":0,"menu_order":0,"comment_status":"closed","ping_status":"closed","template":"","meta":{"_acf_changed":false,"_monsterinsights_skip_tracking":false,"_monsterinsights_sitenote_active":false,"_monsterinsights_sitenote_note":"","_monsterinsights_sitenote_category":0,"footnotes":""},"class_list":["post-941","page","type-page","status-publish","hentry"],"acf":[],"aioseo_notices":[],"_links":{"self":[{"href":"https:\/\/hningenieros.com\/index.php?rest_route=\/wp\/v2\/pages\/941","targetHints":{"allow":["GET"]}}],"collection":[{"href":"https:\/\/hningenieros.com\/index.php?rest_route=\/wp\/v2\/pages"}],"about":[{"href":"https:\/\/hningenieros.com\/index.php?rest_route=\/wp\/v2\/types\/page"}],"author":[{"embeddable":true,"href":"https:\/\/hningenieros.com\/index.php?rest_route=\/wp\/v2\/users\/1"}],"replies":[{"embeddable":true,"href":"https:\/\/hningenieros.com\/index.php?rest_route=%2Fwp%2Fv2%2Fcomments&post=941"}],"version-history":[{"count":142,"href":"https:\/\/hningenieros.com\/index.php?rest_route=\/wp\/v2\/pages\/941\/revisions"}],"predecessor-version":[{"id":7177,"href":"https:\/\/hningenieros.com\/index.php?rest_route=\/wp\/v2\/pages\/941\/revisions\/7177"}],"wp:attachment":[{"href":"https:\/\/hningenieros.com\/index.php?rest_route=%2Fwp%2Fv2%2Fmedia&parent=941"}],"curies":[{"name":"wp","href":"https:\/\/api.w.org\/{rel}","templated":true}]}}